{"id":19727,"date":"2025-04-24T13:00:12","date_gmt":"2025-04-24T13:00:12","guid":{"rendered":"https:\/\/investors.capgemini.com\/fr\/?page_id=19727"},"modified":"2025-10-03T09:58:57","modified_gmt":"2025-10-03T09:58:57","slug":"reporting-esg","status":"publish","type":"page","link":"https:\/\/investors.capgemini.com\/fr\/reporting-esg\/","title":{"rendered":"Reporting ESG"},"content":{"rendered":"<div class=\"hero\">\n<div class=\"container\">\n<div class=\"row\">\n<div class=\"hero-texts col-lg-12\">\n<h1 class=\"hero-title\">Reporting ESG<\/h1>\n<p><span class=\"hero-lead\">Retrouvez sur cette page l\u2019ensemble des donn\u00e9es ESG de Capgemini et les standards de reporting appliqu\u00e9s par le Groupe<\/span><\/p>\n<\/div>\n<\/div>\n<\/div>\n<\/div>\n<div class=\"esgPage mt-4 mb-4\">\n<div class=\"container\">\n<h2>Indicateurs cl\u00e9s de performance ESG en 2023<\/h2>\n<p>Voici une s\u00e9lection d\u2019indicateurs cl\u00e9s de performance ESG au 31 d\u00e9cembre 2023 (tels que publi\u00e9s avec les r\u00e9sultats annuels du Groupe pour 2023).<\/p>\n<p><img decoding=\"async\" class=\" wp-image-20714 aligncenter\" style=\"border: 1px solid #e5e5e5; padding: 10px; margin-bottom: 40px;\" src=\"https:\/\/investors.capgemini.com\/wp-content\/uploads\/2019\/05\/Performance-ESG-FR-2023.jpeg?w=1000\" alt=\"\" width=\"1000\" height=\"\" \/><\/p>\n<h2>Base de donn\u00e9es ESG<\/h2>\n<p>Tenant comme central le fait que les meilleures d\u00e9cisions ne peuvent que d\u00e9couler d\u2019une information \u00e9clair\u00e9e de donn\u00e9es de qualit\u00e9, ainsi que par une connaissance globale des facteurs principaux, cette base de donn\u00e9es ESG se veut un document exhaustif, regroupant en un seul endroit un r\u00e9sum\u00e9 accessible de la richesse des plus r\u00e9centes donn\u00e9es collect\u00e9es par nos \u00e9quipes.<\/p>\n<p>Ainsi, s\u2019inscrivant dans une dynamique de transparence, nos investisseurs, nos partenaires commerciaux, et tout autre parti int\u00e9ress\u00e9 par nos performances ESG pourront retrouver ici les r\u00e9sultats les plus \u00e0 m\u00eame d\u2019orienter leurs d\u00e9cisions.<\/p>\n<\/div>\n<\/div>\n<p><!--- Video Section --><\/p>\n<div class=\"videoSectionWithContent\">\n<div class=\"videobg-environment\">\n<div class=\"container\">\n<div class=\"row\">\n<div class=\"col-md-12\">\n<div class=\"row-nobleed\">\n<div class=\"col-md-7 box-video-wrapper\">\n<div class=\"\" style=\"width: 100%; height: 100%;\"><img decoding=\"async\" style=\"width: 100%; height: 100%; object-fit: cover;\" src=\"\/wp-content\/uploads\/sites\/2\/2019\/05\/esg_reporting_1.jpg\" alt=\"\" \/><\/div>\n<\/div>\n<div class=\"video-content col-md-7\">\n<h4>Base de donn\u00e9es ESG(en anglais uniquement)<\/h4>\n<p>Acc\u00e9dez \u00e0 toutes nos donn\u00e9es ESG dans un fichier source unique<br \/>\n(derni\u00e8re mise \u00e0 jour: 30 juillet 2024)<\/p>\n<p><span class=\"download-pdf\" style=\"filter: invert(1) saturate(0);\"><span style=\"color: #000;\">T\u00e9l\u00e9charger la base de donn\u00e9es ESG<\/span><span style=\"color: #000;\">Taille : 9 MB<\/span><\/span><\/p>\n<\/div>\n<\/div>\n<p>&nbsp;<\/p>\n<\/div>\n<\/div>\n<\/div>\n<\/div>\n<\/div>\n<p><!--- End Video Section --><\/p>\n<section class=\"esgPage\">\n<section>\n<div class=\"container\">\n<div class=\"row\">\n<div class=\"col-12 col-md-7 col-lg-12\">\n<h2 class=\"mb-3\">Standards de reporting ESG<\/h2>\n<h4 class=\"mb-3\">Notre reporting ESG respecte les normes et r\u00e9f\u00e9rentiels internationaux.<\/h4>\n<p class=\"mb-3\">L\u2019\u00e9quipe en charge du reporting ESG d\u00e9finit notre strat\u00e9gie de reporting, nos objectifs et r\u00e9f\u00e9rentiels, et formule des recommandations.<\/p>\n<p>Le reporting extra financier de Capgemini respecte les obligations r\u00e9glementaires fran\u00e7aises et europ\u00e9ennes. Il est align\u00e9 avec les r\u00e9f\u00e9rentiels et normes internationaux suivants :<\/p>\n<\/div>\n<\/div>\n<div class=\"esgStandardsContent mt-2 mb-4\">\n<div class=\"row\">\n<div class=\"col-12 col-md-7 col-lg-12\">\n<ul>\n<li>la directive de l\u2019Union europ\u00e9enne et les r\u00e9glementations fran\u00e7aises sur la d\u00e9claration de performance extra financi\u00e8re (DPEF);<\/li>\n<li>le Devoir de Vigilance fran\u00e7ais et la loi Sapin 2 (lutte contre la corruption) applicables en France depuis respectivement 2017 et 2016;<\/li>\n<li>les Dix principes du Pacte mondial des Nations Unies (UNGC), auquel nous communiquons nos avanc\u00e9es;<\/li>\n<li>la Taskforce on Climate related Financial Disclosures (TCFD);<\/li>\n<li>le questionnaire sur le changement climatique du Carbon Disclosure Project (CDP);<\/li>\n<li>le Software IT Services Standard 2018 du SASB;<\/li>\n<li>les normes GRI de 2021;<\/li>\n<li>l\u2019Integrated Reporting Framework;<\/li>\n<li>le Code fran\u00e7ais du Commerce et les recommandations AFEP-MEDEF sur le gouvernement d\u2019Entreprise.<\/li>\n<\/ul>\n<div class=\"mt-3 mb-3\">\n<p class=\"mb-2\"><strong>a) Index ESG de Capgemini <\/strong><\/p>\n<p class=\"mb-2\">Capgemini communique ses donn\u00e9es ESG (Environnement, Social et Gouvernance) dans plusieurs rapports et sur plusieurs sites internet.<\/p>\n<p class=\"mb-2\">Pour chaque sous-th\u00e8me, nous faisons correspondre nos donn\u00e9es aux r\u00e9f\u00e9rentiels de reporting volontaire de la <i>Global Reporting Initiative <\/i>(GRI), du <i>Sustainable Accounting Standards Board <\/i> (SASB), et de la <i>Task Force on Climate-Related Financial Disclosures<\/i> (TCFD), en fonction de leur pertinence avec nos activit\u00e9s.<\/p>\n<\/div>\n<div class=\"mt-3 mb-3\">\n<p class=\"mb-2\"><strong><br \/>\nb) Index de contenu GRI de Capgemini<br \/>\n<\/strong><\/p>\n<p class=\"mb-2\">Le groupe Capgemini a communiqu\u00e9 ses informations extra financi\u00e8res conform\u00e9ment aux normes GRI pour la p\u00e9riode du 1er janvier au 31 d\u00e9cembre 2023.<\/p>\n<p class=\"mb-2\">L&rsquo;index de contenu GRI FY22 est disponible sur notre site Web \u00e0 l&rsquo;adresse : <a href=\"https:\/\/investors.capgemini.com\/fr\/esg-politique\/\">https:\/\/investors.capgemini.com\/fr\/esg-politique\/<\/a>.<\/p>\n<\/div>\n<\/div>\n<\/div>\n<\/div>\n<\/div>\n<\/section>\n<\/section>\n","protected":false},"excerpt":{"rendered":"<p>Retrouvez sur cette page l\u2019ensemble des donn\u00e9es ESG de Capgemini et les standards de reporting appliqu\u00e9s par le Groupe <\/p>\n","protected":false},"author":50,"featured_media":0,"parent":0,"menu_order":0,"comment_status":"closed","ping_status":"closed","template":"template-esg-reporting.php","meta":{"footnotes":""},"class_list":["post-19727","page","type-page","status-publish","hentry"],"parsely":{"version":"1.1.0","canonical_url":"https:\/\/investors.capgemini.com\/fr\/reporting-esg\/","smart_links":{"inbound":0,"outbound":0},"traffic_boost_suggestions_count":0,"meta":{"@context":"https:\/\/schema.org","@type":"WebPage","headline":"Reporting ESG","url":"http:\/\/investors.capgemini.com\/fr\/reporting-esg\/","mainEntityOfPage":{"@type":"WebPage","@id":"http:\/\/investors.capgemini.com\/fr\/reporting-esg\/"},"thumbnailUrl":"","image":{"@type":"ImageObject","url":""},"articleSection":"Uncategorized","author":[{"@type":"Person","name":"Tamas Lugosi"}],"creator":["Tamas Lugosi"],"publisher":{"@type":"Organization","name":"Capgemini Investors FR","logo":""},"keywords":[],"dateCreated":"2025-04-24T13:00:12Z","datePublished":"2025-04-24T13:00:12Z","dateModified":"2025-10-03T09:58:57Z"},"rendered":"<script type=\"application\/ld+json\" class=\"wp-parsely-metadata\">{\"@context\":\"https:\\\/\\\/schema.org\",\"@type\":\"WebPage\",\"headline\":\"Reporting ESG\",\"url\":\"http:\\\/\\\/investors.capgemini.com\\\/fr\\\/reporting-esg\\\/\",\"mainEntityOfPage\":{\"@type\":\"WebPage\",\"@id\":\"http:\\\/\\\/investors.capgemini.com\\\/fr\\\/reporting-esg\\\/\"},\"thumbnailUrl\":\"\",\"image\":{\"@type\":\"ImageObject\",\"url\":\"\"},\"articleSection\":\"Uncategorized\",\"author\":[{\"@type\":\"Person\",\"name\":\"Tamas Lugosi\"}],\"creator\":[\"Tamas Lugosi\"],\"publisher\":{\"@type\":\"Organization\",\"name\":\"Capgemini Investors FR\",\"logo\":\"\"},\"keywords\":[],\"dateCreated\":\"2025-04-24T13:00:12Z\",\"datePublished\":\"2025-04-24T13:00:12Z\",\"dateModified\":\"2025-10-03T09:58:57Z\"}<\/script>","tracker_url":"https:\/\/cdn.parsely.com\/keys\/investors.capgemini.com\/p.js"},"_links":{"self":[{"href":"https:\/\/investors.capgemini.com\/fr\/wp-json\/wp\/v2\/pages\/19727","targetHints":{"allow":["GET"]}}],"collection":[{"href":"https:\/\/investors.capgemini.com\/fr\/wp-json\/wp\/v2\/pages"}],"about":[{"href":"https:\/\/investors.capgemini.com\/fr\/wp-json\/wp\/v2\/types\/page"}],"author":[{"embeddable":true,"href":"https:\/\/investors.capgemini.com\/fr\/wp-json\/wp\/v2\/users\/50"}],"replies":[{"embeddable":true,"href":"https:\/\/investors.capgemini.com\/fr\/wp-json\/wp\/v2\/comments?post=19727"}],"version-history":[{"count":21,"href":"https:\/\/investors.capgemini.com\/fr\/wp-json\/wp\/v2\/pages\/19727\/revisions"}],"predecessor-version":[{"id":22113,"href":"https:\/\/investors.capgemini.com\/fr\/wp-json\/wp\/v2\/pages\/19727\/revisions\/22113"}],"wp:attachment":[{"href":"https:\/\/investors.capgemini.com\/fr\/wp-json\/wp\/v2\/media?parent=19727"}],"curies":[{"name":"wp","href":"https:\/\/api.w.org\/{rel}","templated":true}]}}