{"id":22304,"date":"2025-04-21T17:31:27","date_gmt":"2025-04-21T17:31:27","guid":{"rendered":"https:\/\/preprod.investors.capgemini.com\/fr\/?page_id=18007"},"modified":"2026-04-03T07:22:29","modified_gmt":"2026-04-03T07:22:29","slug":"esg-recompenses","status":"publish","type":"page","link":"https:\/\/investors.capgemini.com\/fr\/esg-recompenses\/","title":{"rendered":"R\u00e9compenses"},"content":{"rendered":"","protected":false},"excerpt":{"rendered":"<p>La strat\u00e9gie et la performance ESG de Capgemini sont reconnues au niveau international par de nombreuses r\u00e9compenses et notations. Le Groupe fait \u00e9galement partie de nombreux indices boursiers ESG. Quelques exemples non exhaustifs sont pr\u00e9sent\u00e9s ci-dessous :<\/p>\n","protected":false},"author":50,"featured_media":0,"parent":0,"menu_order":0,"comment_status":"closed","ping_status":"closed","template":"template-esg-awards.php","meta":{"footnotes":""},"class_list":["post-22304","page","type-page","status-publish","hentry"],"parsely":{"version":"1.1.0","canonical_url":"https:\/\/investors.capgemini.com\/fr\/esg-recompenses\/","smart_links":{"inbound":0,"outbound":0},"traffic_boost_suggestions_count":0,"meta":{"@context":"https:\/\/schema.org","@type":"WebPage","headline":"R\u00e9compenses","url":"http:\/\/investors.capgemini.com\/fr\/esg-recompenses\/","mainEntityOfPage":{"@type":"WebPage","@id":"http:\/\/investors.capgemini.com\/fr\/esg-recompenses\/"},"thumbnailUrl":"","image":{"@type":"ImageObject","url":""},"articleSection":"Uncategorized","author":[{"@type":"Person","name":"Tamas Lugosi"}],"creator":["Tamas Lugosi"],"publisher":{"@type":"Organization","name":"Capgemini Investors FR","logo":""},"keywords":[],"dateCreated":"2025-04-21T17:31:27Z","datePublished":"2025-04-21T17:31:27Z","dateModified":"2026-04-03T07:22:29Z"},"rendered":"<script type=\"application\/ld+json\" class=\"wp-parsely-metadata\">{\"@context\":\"https:\\\/\\\/schema.org\",\"@type\":\"WebPage\",\"headline\":\"R\\u00e9compenses\",\"url\":\"http:\\\/\\\/investors.capgemini.com\\\/fr\\\/esg-recompenses\\\/\",\"mainEntityOfPage\":{\"@type\":\"WebPage\",\"@id\":\"http:\\\/\\\/investors.capgemini.com\\\/fr\\\/esg-recompenses\\\/\"},\"thumbnailUrl\":\"\",\"image\":{\"@type\":\"ImageObject\",\"url\":\"\"},\"articleSection\":\"Uncategorized\",\"author\":[{\"@type\":\"Person\",\"name\":\"Tamas Lugosi\"}],\"creator\":[\"Tamas Lugosi\"],\"publisher\":{\"@type\":\"Organization\",\"name\":\"Capgemini Investors FR\",\"logo\":\"\"},\"keywords\":[],\"dateCreated\":\"2025-04-21T17:31:27Z\",\"datePublished\":\"2025-04-21T17:31:27Z\",\"dateModified\":\"2026-04-03T07:22:29Z\"}<\/script>","tracker_url":"https:\/\/cdn.parsely.com\/keys\/investors.capgemini.com\/p.js"},"_links":{"self":[{"href":"https:\/\/investors.capgemini.com\/fr\/wp-json\/wp\/v2\/pages\/22304","targetHints":{"allow":["GET"]}}],"collection":[{"href":"https:\/\/investors.capgemini.com\/fr\/wp-json\/wp\/v2\/pages"}],"about":[{"href":"https:\/\/investors.capgemini.com\/fr\/wp-json\/wp\/v2\/types\/page"}],"author":[{"embeddable":true,"href":"https:\/\/investors.capgemini.com\/fr\/wp-json\/wp\/v2\/users\/50"}],"replies":[{"embeddable":true,"href":"https:\/\/investors.capgemini.com\/fr\/wp-json\/wp\/v2\/comments?post=22304"}],"version-history":[{"count":3,"href":"https:\/\/investors.capgemini.com\/fr\/wp-json\/wp\/v2\/pages\/22304\/revisions"}],"predecessor-version":[{"id":22370,"href":"https:\/\/investors.capgemini.com\/fr\/wp-json\/wp\/v2\/pages\/22304\/revisions\/22370"}],"wp:attachment":[{"href":"https:\/\/investors.capgemini.com\/fr\/wp-json\/wp\/v2\/media?parent=22304"}],"curies":[{"name":"wp","href":"https:\/\/api.w.org\/{rel}","templated":true}]}}