{"id":3732,"date":"2019-05-09T13:44:46","date_gmt":"2019-05-09T13:44:46","guid":{"rendered":"https:\/\/investors.capgemini.com\/fr\/?page_id=3732"},"modified":"2025-12-10T15:16:18","modified_gmt":"2025-12-10T15:16:18","slug":"analystes","status":"publish","type":"page","link":"https:\/\/investors.capgemini.com\/fr\/analystes\/","title":{"rendered":"Couverture Analystes"},"content":{"rendered":"<p>Les opinions des analystes ainsi que les estimations, projections, pr\u00e9visions ou attentes associ\u00e9es sont de la seule responsabilit\u00e9 des analystes concern\u00e9s et ne repr\u00e9sentent pas les opinions, estimations, projections, pr\u00e9visions ou attentes de Capgemini ou de sa direction.<\/p>\n<p>Cette liste n\u2019est publi\u00e9e qu\u2019\u00e0 titre informatif et n\u2019engage en aucune mani\u00e8re les analystes ou les bureaux de recherche mentionn\u00e9s.<\/p>\n<table>\n<tbody>\n<tr>\n<td width=\"312\"><strong>Bureau de Recherche<\/strong><\/td>\n<td width=\"219\"><strong>Analyste<\/strong><\/td>\n<\/tr>\n<tr>\n<td width=\"312\">BANK OF AMERICA<\/td>\n<td width=\"219\">Fr\u00e9d\u00e9ric BOULAN<\/td>\n<\/tr>\n<tr>\n<td width=\"312\">BARCLAYS<\/td>\n<td width=\"219\">Sven MERKT<\/td>\n<\/tr>\n<tr>\n<td width=\"312\">BERNSTEIN SOCIETE GENERALE<\/td>\n<td width=\"219\">Richard NGUYEN<\/td>\n<\/tr>\n<tr>\n<td width=\"312\">BNP PARIBAS EXANE<\/td>\n<td width=\"219\">Ben CASTILLO BERNAUS<\/td>\n<\/tr>\n<tr>\n<td width=\"312\">CITI GROUP<\/td>\n<td width=\"219\">Balajee TIRUPATI<\/td>\n<\/tr>\n<tr>\n<td width=\"312\">CM-CIC<\/td>\n<td width=\"219\">Alexandre PLAUD<\/td>\n<\/tr>\n<tr>\n<td width=\"312\">DEUTSCHE BANK<\/td>\n<td width=\"219\">Nooshin NEJATI<\/td>\n<\/tr>\n<tr>\n<td width=\"312\">GOLDMAN SACHS<\/td>\n<td width=\"219\">Mohammed MOAWALLA<\/td>\n<\/tr>\n<tr>\n<td width=\"312\">INVEST SECURITIES<\/td>\n<td width=\"219\">Matthieu LAVILLUNIERE<\/td>\n<\/tr>\n<tr>\n<td width=\"312\">JEFFERIES<\/td>\n<td width=\"219\">Charles BRENNAN<\/td>\n<\/tr>\n<tr>\n<td width=\"312\">JP MORGAN<\/td>\n<td width=\"219\">Toby OGG<\/td>\n<\/tr>\n<tr>\n<td width=\"312\">KEPLER CHEUVREUX<\/td>\n<td width=\"219\">Laurent DAURE<\/td>\n<\/tr>\n<tr>\n<td width=\"312\">MORGAN STANLEY<\/td>\n<td width=\"219\">Adam WOOD<\/td>\n<\/tr>\n<tr>\n<td width=\"312\">ODDO<\/td>\n<td width=\"219\">Nicolas DAVID<\/td>\n<\/tr>\n<tr>\n<td width=\"312\">REDBURN ATLANTIC<\/td>\n<td width=\"219\">Harry READ<\/td>\n<\/tr>\n<tr>\n<td width=\"312\">SANTANDER<\/td>\n<td width=\"219\">Adri\u00e1n S\u00c1NCHEZ<\/td>\n<\/tr>\n<tr>\n<td width=\"312\">UBS<\/td>\n<td width=\"219\">Michael BRIEST<\/td>\n<\/tr>\n<\/tbody>\n<\/table>\n","protected":false},"excerpt":{"rendered":"<p>Cette page pr\u00e9sente des analystes qui assurent une couverture r\u00e9guli\u00e8re du Groupe Capgemini.<\/p>\n","protected":false},"author":3,"featured_media":0,"parent":0,"menu_order":0,"comment_status":"closed","ping_status":"closed","template":"page.php","meta":{"footnotes":""},"class_list":["post-3732","page","type-page","status-publish","hentry"],"parsely":{"version":"1.1.0","canonical_url":"https:\/\/investors.capgemini.com\/fr\/analystes\/","smart_links":{"inbound":0,"outbound":0},"traffic_boost_suggestions_count":0,"meta":{"@context":"https:\/\/schema.org","@type":"WebPage","headline":"Couverture Analystes","url":"http:\/\/investors.capgemini.com\/fr\/analystes\/","mainEntityOfPage":{"@type":"WebPage","@id":"http:\/\/investors.capgemini.com\/fr\/analystes\/"},"thumbnailUrl":"","image":{"@type":"ImageObject","url":""},"articleSection":"Uncategorized","author":[{"@type":"Person","name":"Elzbieta Wrobel"}],"creator":["Elzbieta Wrobel"],"publisher":{"@type":"Organization","name":"Capgemini Investors FR","logo":""},"keywords":[],"dateCreated":"2019-05-09T13:44:46Z","datePublished":"2019-05-09T13:44:46Z","dateModified":"2025-12-10T15:16:18Z"},"rendered":"<script type=\"application\/ld+json\" class=\"wp-parsely-metadata\">{\"@context\":\"https:\\\/\\\/schema.org\",\"@type\":\"WebPage\",\"headline\":\"Couverture Analystes\",\"url\":\"http:\\\/\\\/investors.capgemini.com\\\/fr\\\/analystes\\\/\",\"mainEntityOfPage\":{\"@type\":\"WebPage\",\"@id\":\"http:\\\/\\\/investors.capgemini.com\\\/fr\\\/analystes\\\/\"},\"thumbnailUrl\":\"\",\"image\":{\"@type\":\"ImageObject\",\"url\":\"\"},\"articleSection\":\"Uncategorized\",\"author\":[{\"@type\":\"Person\",\"name\":\"Elzbieta Wrobel\"}],\"creator\":[\"Elzbieta Wrobel\"],\"publisher\":{\"@type\":\"Organization\",\"name\":\"Capgemini Investors FR\",\"logo\":\"\"},\"keywords\":[],\"dateCreated\":\"2019-05-09T13:44:46Z\",\"datePublished\":\"2019-05-09T13:44:46Z\",\"dateModified\":\"2025-12-10T15:16:18Z\"}<\/script>","tracker_url":"https:\/\/cdn.parsely.com\/keys\/investors.capgemini.com\/p.js"},"_links":{"self":[{"href":"https:\/\/investors.capgemini.com\/fr\/wp-json\/wp\/v2\/pages\/3732","targetHints":{"allow":["GET"]}}],"collection":[{"href":"https:\/\/investors.capgemini.com\/fr\/wp-json\/wp\/v2\/pages"}],"about":[{"href":"https:\/\/investors.capgemini.com\/fr\/wp-json\/wp\/v2\/types\/page"}],"author":[{"embeddable":true,"href":"https:\/\/investors.capgemini.com\/fr\/wp-json\/wp\/v2\/users\/3"}],"replies":[{"embeddable":true,"href":"https:\/\/investors.capgemini.com\/fr\/wp-json\/wp\/v2\/comments?post=3732"}],"version-history":[{"count":28,"href":"https:\/\/investors.capgemini.com\/fr\/wp-json\/wp\/v2\/pages\/3732\/revisions"}],"predecessor-version":[{"id":22876,"href":"https:\/\/investors.capgemini.com\/fr\/wp-json\/wp\/v2\/pages\/3732\/revisions\/22876"}],"wp:attachment":[{"href":"https:\/\/investors.capgemini.com\/fr\/wp-json\/wp\/v2\/media?parent=3732"}],"curies":[{"name":"wp","href":"https:\/\/api.w.org\/{rel}","templated":true}]}}