{"id":3736,"date":"2019-05-09T13:46:01","date_gmt":"2019-05-09T13:46:01","guid":{"rendered":"https:\/\/investors.capgemini.com\/fr\/?page_id=3736"},"modified":"2024-03-25T10:53:34","modified_gmt":"2024-03-25T10:53:34","slug":"devenir-actionnaire","status":"publish","type":"page","link":"https:\/\/investors.capgemini.com\/fr\/devenir-actionnaire\/","title":{"rendered":"Devenir actionnaire"},"content":{"rendered":"<section class=\"rich-article-main-content container10 clearfix\">\n<div class=\"rich-article-main-content-text span10\">\n<div class=\"field field-wysiwyg field-name-body\">\n<h3><strong>Comment acheter et d\u00e9tenir des titres Capgemini ?<\/strong><\/h3>\n<p>Acheter des actions Capgemini SE peut se faire directement au travers d\u2019un compte titre ordinaire ou d\u2019un Plan d\u2019Epargne en Actions (PEA), via votre interm\u00e9diaire financier habituel (banque, courtier en ligne, soci\u00e9t\u00e9 de bourse, etc.) qui vous pr\u00e9sentera les diff\u00e9rents v\u00e9hicules d\u2019investissement possibles et vous expliquera comment passer un ordre de Bourse.<\/p>\n<p>Vous pouvez \u00e9galement contacter Uptevia, notre \u00e9tablissement financier mandataire et teneur de registre, pour ouvrir un compte et acqu\u00e9rir des titres Capgemini au nominatif pur, et ainsi profiter des avantages li\u00e9s \u00e0 ce mode de d\u00e9tention.<\/p>\n<p><strong><u>Uptevia<\/u><\/strong><br \/>\nService Relations Investisseurs<br \/>\n12 place des Etats-Unis<br \/>\nCS 400083<br \/>\n92549 Montrouge Cedex<br \/>\nT\u00e9l\u00e9phone Paris\u00a0: +33 (0)1 57 78 34 44<br \/>\nT\u00e9l\u00e9phone Toronto: +1 905 281 28 47 (entre 18h et 23h, heure de Paris)<br \/>\n<u>Email\u00a0:<\/u><a href=\"mailto:ct-contact@uptevia.com\"> ct-contact@uptevia.com<\/a><\/p>\n<h3><strong>Les diff\u00e9rents types de d\u00e9tention d\u2019actions<\/strong><\/h3>\n<p>Les valeurs mobili\u00e8res en France peuvent \u00eatre d\u00e9tenues sous deux formes distinctes :<\/p>\n<ul>\n<li>au porteur\u00a0: les actions au porteur sont g\u00e9r\u00e9es par un interm\u00e9diaire financier (banque, courtier en ligne, soci\u00e9t\u00e9 de bourse, etc.) au choix de l\u2019actionnaire, qui, seul, conna\u00eet l\u2019identit\u00e9 de ses clients. En revanche, la soci\u00e9t\u00e9 \u00e9mettrice (Capgemini SE) n\u2019a pas connaissance de votre identit\u00e9.<\/li>\n<li>au nominatif\u00a0: le nom de l&rsquo;actionnaire figure dans les registres de la soci\u00e9t\u00e9 \u00e9mettrice (Capgemini SE), ce qui facilite la communication entre la soci\u00e9t\u00e9 et ses actionnaires. Il existe deux modes de d\u00e9tention au nominatif\u00a0:\n<ul>\n<li>Au nominatif pur\u00a0: les actions sont inscrites et conserv\u00e9es au nom de l\u2019actionnaire dans les livres de la soci\u00e9t\u00e9, g\u00e9r\u00e9 dans le cas de Capgemini SE par Uptevia.<\/li>\n<li>Au nominatif administr\u00e9\u00a0: les actions sont inscrites dans les livres de la soci\u00e9t\u00e9 mais sont conserv\u00e9es chez l&rsquo;interm\u00e9diaire financier choisi par l\u2019actionnaire.<\/li>\n<\/ul>\n<\/li>\n<\/ul>\n<p>&nbsp;<\/p>\n<table>\n<tbody>\n<tr>\n<td style=\"text-align: center;\" width=\"208\">\n<h5><strong>Au porteur<\/strong><\/h5>\n<\/td>\n<td style=\"text-align: center;\" width=\"208\">\n<h5><strong>Au nominatif administr\u00e9<\/strong><\/h5>\n<\/td>\n<td style=\"text-align: center;\" width=\"208\">\n<h5><strong>Au nominatif pur<\/strong><\/h5>\n<\/td>\n<\/tr>\n<tr>\n<td width=\"208\">Vous d\u00e9tenez des titres CAPGEMINI via <strong>l\u2019interm\u00e9diaire financier de votre choix<\/strong> (votre banque ou \u00e9tablissement financier), sur un <strong>compte titre<\/strong> ou <strong>PEA<\/strong><\/td>\n<td width=\"208\">Vous d\u00e9tenez des titres CAPGEMINI via <strong>l\u2019interm\u00e9diaire financier de votre choix<\/strong> (votre banque ou \u00e9tablissement financier), sur un <strong>compte titre<\/strong><\/td>\n<td width=\"208\"><strong>Vous d\u00e9tenez des titres CAPGEMINI via<br \/>\nUptevia<\/strong><br \/>\nsur un <strong>compte titre<\/strong><\/td>\n<\/tr>\n<tr>\n<td width=\"208\">Vos titres ne sont pas inscrits sur les registres de Capgemini<\/td>\n<td style=\"text-align: center;\" colspan=\"2\" width=\"416\"><strong>Vos titres sont inscrits sur les registres de Capgemini<\/strong><\/td>\n<\/tr>\n<tr>\n<td style=\"text-align: center;\" colspan=\"2\" width=\"416\">Vos <strong>droits de garde<\/strong> et <strong>frais de courtage<\/strong> varient en fonction de l\u2019\u00e9tablissement financier choisi<\/td>\n<td width=\"208\">Vous b\u00e9n\u00e9ficiez de la gratuit\u00e9 des <strong>droits de garde<\/strong> et de <strong>frais de courtage<\/strong> sp\u00e9cifiques.<\/td>\n<\/tr>\n<tr>\n<td style=\"text-align: center;\" colspan=\"2\" width=\"416\">Votre <strong>interlocuteur<\/strong> reste votre conseiller financier habituel<\/td>\n<td width=\"208\">Votre <strong>interlocuteur<\/strong> est le service Relations Investisseurs d&rsquo;Uptevia<\/td>\n<\/tr>\n<tr>\n<td width=\"208\"><strong>Vous devez effectuer une demande<\/strong> aupr\u00e8s de votre \u00e9tablissement financier pour recevoir la <strong>convocation \u00e0 l\u2019assembl\u00e9e g\u00e9n\u00e9rale<\/strong>.<\/td>\n<td style=\"text-align: center;\" colspan=\"2\" width=\"416\"><strong>Vous recevez automatiquement votre convocation \u00e0 l\u2019Assembl\u00e9e G\u00e9n\u00e9rale<\/strong> directement par Capgemini<\/td>\n<\/tr>\n<tr>\n<td width=\"208\">Vous pouvez consulter la Lettre aux actionnaires sur le site Investisseurs de Capgemini.<\/td>\n<td style=\"text-align: center;\" colspan=\"2\" width=\"416\"><strong>Vous recevez la Lettre aux actionnaires <\/strong>\u00e0 l\u2019adresse que vous avez communiqu\u00e9e \u00e0 Uptevia<\/td>\n<\/tr>\n<tr>\n<td style=\"text-align: center;\" colspan=\"3\" width=\"623\">La <strong>fiscalit\u00e9<\/strong> est ind\u00e9pendante du r\u00e9gime de d\u00e9tention<\/td>\n<\/tr>\n<tr>\n<td style=\"text-align: center;\" colspan=\"2\" width=\"416\">Votre <strong>imprim\u00e9 fiscal<\/strong> est envoy\u00e9 par mon \u00e9tablissement financier<\/td>\n<td width=\"208\">Votre <strong>imprim\u00e9 fiscal<\/strong> est envoy\u00e9 par Uptevia<\/td>\n<\/tr>\n<\/tbody>\n<\/table>\n<p>&nbsp;<\/p>\n<h3><strong>Comment convertir ses titres au nominatif ?<\/strong><\/h3>\n<p>Si vous d\u00e9tenez des actions Capgemini au porteur et souhaitez convertir vos titres au nominatif, il vous suffit de remplir le formulaire de conversion et de le renvoyer \u00e0 votre interm\u00e9diaire financier :<\/p>\n<p style=\"padding-left: 40px;\"><a href=\"https:\/\/investors.capgemini.com\/fr\/wp-content\/uploads\/sites\/3\/2023\/03\/become_a_shareholder.pdf\">T\u00e9l\u00e9charger le formulaire de conversion au nominatif<\/a><\/p>\n<p>Capgemini ne rembourse pas les frais \u00e9ventuels de transfert de vos titres Capgemini vers Uptevia, frais variables en fonction de chaque \u00e9tablissement financier.<\/p>\n<p>&nbsp;<\/p>\n<h3><strong>Les frais li\u00e9s au nominatif pur<\/strong><\/h3>\n<p>L&rsquo;inscription au nominatif pur apporte la gratuit\u00e9 de la gestion et l\u2019exon\u00e9ration totale des droits de garde ainsi que des frais inh\u00e9rents \u00e0 la gestion courante de leurs titres, \u00e0 l\u2019exception des ordres de bourse.<\/p>\n<p>La fiscalit\u00e9 applicable aux transactions et aux frais est ind\u00e9pendante du mode de d\u00e9tention.<\/p>\n<p>Pour conna\u00eetre les derniers bar\u00e8mes de bourse applicables veuillez contacter le Service\u00a0Relations Investisseurs d&rsquo;Uptevia. \u00c0 titre indicatif, les bar\u00e8mes applicables\u00a0d\u00e9but 2023\u00a0\u00e9taient :<\/p>\n<p>Pour les ordres de bourse <strong>transmis par Internet<\/strong> via le <strong>site OLIS-Actionnaire<\/strong> (<a href=\"https:\/\/www.investor.uptevia.com\">https:\/\/www.investor.uptevia.com<\/a>) :<\/p>\n<p>&nbsp;<\/p>\n<table>\n<tbody>\n<tr>\n<td width=\"156\"><strong>Montant de l\u2019ordre<\/strong><\/td>\n<td width=\"156\">Pas de limite<\/td>\n<\/tr>\n<tr>\n<td width=\"156\"><strong>Tarif HT<\/strong><\/td>\n<td width=\"156\">0,30%<\/td>\n<\/tr>\n<tr>\n<td width=\"156\"><strong>Minimum<\/strong><\/td>\n<td width=\"156\">10\u20ac<\/td>\n<\/tr>\n<\/tbody>\n<\/table>\n<p>&nbsp;<\/p>\n<p>Pour les ordres de bourse <strong>transmis par le service Relations Investisseurs d&rsquo;Uptevia<\/strong> :<\/p>\n<p>&nbsp;<\/p>\n<table>\n<tbody>\n<tr>\n<td rowspan=\"2\" width=\"156\"><strong>Montant de l\u2019ordre<\/strong><\/td>\n<td width=\"129\">de 0\u20ac<\/td>\n<td width=\"129\">de 75 001\u20ac<\/td>\n<td width=\"129\">de 150 001\u20ac<\/td>\n<td width=\"129\">\u00e0 partir de<\/td>\n<\/tr>\n<tr>\n<td width=\"129\">\u00e0 75 000\u20ac<\/td>\n<td width=\"129\">\u00e0 150 000\u20ac<\/td>\n<td width=\"129\">300 000\u20ac<\/td>\n<td width=\"129\">300\u00a0001\u20ac<\/td>\n<\/tr>\n<tr>\n<td width=\"156\"><strong>Tarif HT<\/strong><\/td>\n<td width=\"129\">0,60%<\/td>\n<td width=\"129\">0,50%<\/td>\n<td width=\"129\">0,45%<\/td>\n<td width=\"129\">0,35%<\/td>\n<\/tr>\n<tr>\n<td width=\"156\"><strong>Minimum<\/strong><\/td>\n<td width=\"129\">15,50\u20ac<\/td>\n<td width=\"129\">15,50\u20ac<\/td>\n<td width=\"129\">15,50\u20ac<\/td>\n<td width=\"129\">15,50\u20ac<\/td>\n<\/tr>\n<\/tbody>\n<\/table>\n<p>&nbsp;<\/p>\n<\/div>\n<\/div>\n<\/section>\n<section class=\"rich-article-paragraphs container10 clearfix\">\n<div id=\"paragraph-0\" class=\"paragraph without-background without-pushes container10 clearfix\">\n<div class=\"paragraph-content container10\">\n<div id=\"paragraph-subcontent-0-0\" class=\"paragraph-subcontent paragraph-subcontent-text\">\n<section class=\"rich-article-paragraphs container10 clearfix\">\n<div id=\"paragraph-0\" class=\"paragraph without-background without-pushes container10 clearfix\">\n<div class=\"paragraph-content container10\">\n<div id=\"paragraph-subcontent-0-0\" class=\"paragraph-subcontent paragraph-subcontent-text\">\n<section class=\"rich-article-paragraphs container10 clearfix\">\n<div id=\"paragraph-0\" class=\"paragraph without-background without-pushes container10 clearfix\">\n<div class=\"paragraph-content container10\">\n<div id=\"paragraph-subcontent-0-0\" class=\"paragraph-subcontent paragraph-subcontent-text\">\n<h3><strong>Information Actionnaires :\u00a0<\/strong><\/h3>\n<div>Pour toute question ou demande de document sur l&rsquo;actionnariat du Groupe, contactez le Service des relations avec les actionnaires individuels au num\u00e9ro vert suivant :<\/div>\n<div><\/div>\n<div><img loading=\"lazy\" decoding=\"async\" class=\"aligncenter wp-image-12966 size-medium\" src=\"https:\/\/investors.capgemini.com\/fr\/wp-content\/uploads\/sites\/3\/2019\/05\/Numero-Vert-Capgemini.png?w=300\" alt=\"0 800 20 30 40\" width=\"300\" height=\"56\" srcset=\"https:\/\/investors.capgemini.com\/fr\/wp-content\/uploads\/sites\/3\/2019\/05\/Numero-Vert-Capgemini.png 759w, https:\/\/investors.capgemini.com\/fr\/wp-content\/uploads\/sites\/3\/2019\/05\/Numero-Vert-Capgemini.png?resize=300,56 300w\" sizes=\"auto, (max-width: 300px) 100vw, 300px\" \/><\/div>\n<div><\/div>\n<\/div>\n<\/div>\n<\/div>\n<\/section>\n<\/div>\n<\/div>\n<\/div>\n<\/section>\n<\/div>\n<\/div>\n<\/div>\n<\/section>\n","protected":false},"excerpt":{"rendered":"<p>Notre Equipe d\u00e9di\u00e9e aux Relations Actionnariales est aussi \u00e0 votre disposition.<\/p>\n","protected":false},"author":3,"featured_media":0,"parent":0,"menu_order":0,"comment_status":"closed","ping_status":"closed","template":"page.php","meta":{"footnotes":""},"class_list":["post-3736","page","type-page","status-publish","hentry"],"parsely":{"version":"1.1.0","canonical_url":"https:\/\/investors.capgemini.com\/fr\/devenir-actionnaire\/","smart_links":{"inbound":0,"outbound":0},"traffic_boost_suggestions_count":0,"meta":{"@context":"https:\/\/schema.org","@type":"WebPage","headline":"Devenir actionnaire","url":"http:\/\/investors.capgemini.com\/fr\/devenir-actionnaire\/","mainEntityOfPage":{"@type":"WebPage","@id":"http:\/\/investors.capgemini.com\/fr\/devenir-actionnaire\/"},"thumbnailUrl":"","image":{"@type":"ImageObject","url":""},"articleSection":"Uncategorized","author":[{"@type":"Person","name":"Elzbieta Wrobel"}],"creator":["Elzbieta Wrobel"],"publisher":{"@type":"Organization","name":"Capgemini Investors FR","logo":""},"keywords":[],"dateCreated":"2019-05-09T13:46:01Z","datePublished":"2019-05-09T13:46:01Z","dateModified":"2024-03-25T10:53:34Z"},"rendered":"<script type=\"application\/ld+json\" class=\"wp-parsely-metadata\">{\"@context\":\"https:\\\/\\\/schema.org\",\"@type\":\"WebPage\",\"headline\":\"Devenir actionnaire\",\"url\":\"http:\\\/\\\/investors.capgemini.com\\\/fr\\\/devenir-actionnaire\\\/\",\"mainEntityOfPage\":{\"@type\":\"WebPage\",\"@id\":\"http:\\\/\\\/investors.capgemini.com\\\/fr\\\/devenir-actionnaire\\\/\"},\"thumbnailUrl\":\"\",\"image\":{\"@type\":\"ImageObject\",\"url\":\"\"},\"articleSection\":\"Uncategorized\",\"author\":[{\"@type\":\"Person\",\"name\":\"Elzbieta Wrobel\"}],\"creator\":[\"Elzbieta Wrobel\"],\"publisher\":{\"@type\":\"Organization\",\"name\":\"Capgemini Investors FR\",\"logo\":\"\"},\"keywords\":[],\"dateCreated\":\"2019-05-09T13:46:01Z\",\"datePublished\":\"2019-05-09T13:46:01Z\",\"dateModified\":\"2024-03-25T10:53:34Z\"}<\/script>","tracker_url":"https:\/\/cdn.parsely.com\/keys\/investors.capgemini.com\/p.js"},"_links":{"self":[{"href":"https:\/\/investors.capgemini.com\/fr\/wp-json\/wp\/v2\/pages\/3736","targetHints":{"allow":["GET"]}}],"collection":[{"href":"https:\/\/investors.capgemini.com\/fr\/wp-json\/wp\/v2\/pages"}],"about":[{"href":"https:\/\/investors.capgemini.com\/fr\/wp-json\/wp\/v2\/types\/page"}],"author":[{"embeddable":true,"href":"https:\/\/investors.capgemini.com\/fr\/wp-json\/wp\/v2\/users\/3"}],"replies":[{"embeddable":true,"href":"https:\/\/investors.capgemini.com\/fr\/wp-json\/wp\/v2\/comments?post=3736"}],"version-history":[{"count":22,"href":"https:\/\/investors.capgemini.com\/fr\/wp-json\/wp\/v2\/pages\/3736\/revisions"}],"predecessor-version":[{"id":22746,"href":"https:\/\/investors.capgemini.com\/fr\/wp-json\/wp\/v2\/pages\/3736\/revisions\/22746"}],"wp:attachment":[{"href":"https:\/\/investors.capgemini.com\/fr\/wp-json\/wp\/v2\/media?parent=3736"}],"curies":[{"name":"wp","href":"https:\/\/api.w.org\/{rel}","templated":true}]}}