{"id":3742,"date":"2019-05-09T13:47:59","date_gmt":"2019-05-09T13:47:59","guid":{"rendered":"https:\/\/investors.capgemini.com\/fr\/?page_id=3742"},"modified":"2026-03-29T19:24:48","modified_gmt":"2026-03-29T19:24:48","slug":"structure-de-lactionnariat","status":"publish","type":"page","link":"https:\/\/investors.capgemini.com\/fr\/structure-de-lactionnariat\/","title":{"rendered":"Structure de l&rsquo;actionnariat"},"content":{"rendered":"<h3><strong>L\u2019action CAPGEMINI SE<\/strong><\/h3>\n<p>Les d\u00e9clarations mensuelles relatives au nombre d&rsquo;actions et de droits de vote sont disponibles dans la section information r\u00e9glement\u00e9e de ce site (<a href=\"https:\/\/investors.capgemini.com\/en\/regulated-information\/?fiscal-year=2023#expand_reg-total-number-of-shares-and-voting-rights\">ici<\/a>).<\/p>\n<table>\n<tbody>\n<tr>\n<td width=\"178\">Code ISIN<\/td>\n<td width=\"312\">FR0000125338<\/td>\n<\/tr>\n<tr>\n<td width=\"178\">Code mn\u00e9monique<\/td>\n<td width=\"312\">CAP<\/td>\n<\/tr>\n<tr>\n<td width=\"178\">Place de cotation primaire<\/td>\n<td width=\"312\">Euronext Paris<\/td>\n<\/tr>\n<tr>\n<td width=\"178\">March\u00e9<\/td>\n<td width=\"312\">Compartiment A<\/td>\n<\/tr>\n<tr>\n<td width=\"178\">PEA &amp; SRD<\/td>\n<td width=\"312\">\u00c9ligible<\/td>\n<\/tr>\n<tr>\n<td width=\"178\">Indices<br \/>\n(extraits)<\/td>\n<td width=\"312\">CAC 40<br \/>\nCAC 40 ESG<br \/>\nEuronext 100<br \/>\nEuro STOXX<br \/>\nEuro STOXX ESG leaders<\/td>\n<\/tr>\n<\/tbody>\n<\/table>\n<h3><strong>R\u00e9partition du capital<\/strong><\/h3>\n<p>Sur la base d\u2019une \u00e9tude actionnariale r\u00e9alis\u00e9e \u00e0 la fin d\u00e9cembre 2024, la r\u00e9partition du capital \u00e9tait :<\/p>\n<p><img loading=\"lazy\" decoding=\"async\" class=\"aligncenter  wp-image-23145\" src=\"https:\/\/investors.capgemini.com\/fr\/wp-content\/uploads\/sites\/3\/2026\/03\/Actionnaires.jpg?w=620\" alt=\"\" width=\"683\" height=\"260\" srcset=\"https:\/\/investors.capgemini.com\/fr\/wp-content\/uploads\/sites\/3\/2026\/03\/Actionnaires.jpg 620w, https:\/\/investors.capgemini.com\/fr\/wp-content\/uploads\/sites\/3\/2026\/03\/Actionnaires.jpg?resize=300,114 300w\" sizes=\"auto, (max-width: 683px) 100vw, 683px\" \/><\/p>\n<h3><strong>Actionnaires d\u00e9tenant plus de 5% du capital et des droits de vote<\/strong><\/h3>\n<p>En application des dispositions de l\u2019article L. 233 \u2013 13 du Code de commerce et selon les informations re\u00e7ues et les d\u00e9clarations effectu\u00e9es aupr\u00e8s de l\u2019Autorit\u00e9 des march\u00e9s financiers, les actionnaires d\u00e9tenant \u00e0 la date de cl\u00f4ture plus de 5 % du capital et des droits de vote aux Assembl\u00e9es g\u00e9n\u00e9rales \u00e9taient Amundi Asset Management, BlackRock Inc., Cr\u00e9dit Agricole Corporate and Investment Bank (CACIB) et Massachusetts Financial Services (MFS) au 28 f\u00e9vrier 2026. \u00c0 la connaissance de la Soci\u00e9t\u00e9, il n\u2019existait \u00e0 cette date-l\u00e0 aucun autre actionnaire d\u00e9tenant, directement ou indirectement, seul ou de concert, plus de 5 % du capital ou des droits de vote.<\/p>\n<p><!--StartFragment --><span class=\"cf0\">Retrouvez les d\u00e9clarations de franchissement de seuil directement sur le site de l<\/span><span class=\"cf0\">\u2019<\/span><span class=\"cf0\">AMF \u00e0 l<\/span><span class=\"cf0\">\u2019<\/span><span class=\"cf0\">adresse suivante : <a href=\"https:\/\/bdif.amf-france.org\/fr?rechercheTexte=Capgemini&amp;typesInformation=SPDE\">AMF : Base des d\u00e9cisions et informations financi\u00e8res (BDIF)<\/a><\/span><!--EndFragment --><\/p>\n","protected":false},"excerpt":{"rendered":"<p>Au 31 d\u00e9cembre 2024, le capital de la soci\u00e9t\u00e9 Capgemini SE (Societas Europaea) \u00e9tait compos\u00e9 de 171 347 471 actions.<\/p>\n","protected":false},"author":3,"featured_media":0,"parent":0,"menu_order":0,"comment_status":"closed","ping_status":"closed","template":"page.php","meta":{"footnotes":""},"class_list":["post-3742","page","type-page","status-publish","hentry"],"parsely":{"version":"1.1.0","canonical_url":"https:\/\/investors.capgemini.com\/fr\/structure-de-lactionnariat\/","smart_links":{"inbound":0,"outbound":0},"traffic_boost_suggestions_count":0,"meta":{"@context":"https:\/\/schema.org","@type":"WebPage","headline":"Structure de l&rsquo;actionnariat","url":"http:\/\/investors.capgemini.com\/fr\/structure-de-lactionnariat\/","mainEntityOfPage":{"@type":"WebPage","@id":"http:\/\/investors.capgemini.com\/fr\/structure-de-lactionnariat\/"},"thumbnailUrl":"","image":{"@type":"ImageObject","url":""},"articleSection":"Uncategorized","author":[{"@type":"Person","name":"Elzbieta Wrobel"}],"creator":["Elzbieta Wrobel"],"publisher":{"@type":"Organization","name":"Capgemini Investors FR","logo":""},"keywords":[],"dateCreated":"2019-05-09T13:47:59Z","datePublished":"2019-05-09T13:47:59Z","dateModified":"2026-03-29T19:24:48Z"},"rendered":"<script type=\"application\/ld+json\" class=\"wp-parsely-metadata\">{\"@context\":\"https:\\\/\\\/schema.org\",\"@type\":\"WebPage\",\"headline\":\"Structure de l&rsquo;actionnariat\",\"url\":\"http:\\\/\\\/investors.capgemini.com\\\/fr\\\/structure-de-lactionnariat\\\/\",\"mainEntityOfPage\":{\"@type\":\"WebPage\",\"@id\":\"http:\\\/\\\/investors.capgemini.com\\\/fr\\\/structure-de-lactionnariat\\\/\"},\"thumbnailUrl\":\"\",\"image\":{\"@type\":\"ImageObject\",\"url\":\"\"},\"articleSection\":\"Uncategorized\",\"author\":[{\"@type\":\"Person\",\"name\":\"Elzbieta Wrobel\"}],\"creator\":[\"Elzbieta Wrobel\"],\"publisher\":{\"@type\":\"Organization\",\"name\":\"Capgemini Investors FR\",\"logo\":\"\"},\"keywords\":[],\"dateCreated\":\"2019-05-09T13:47:59Z\",\"datePublished\":\"2019-05-09T13:47:59Z\",\"dateModified\":\"2026-03-29T19:24:48Z\"}<\/script>","tracker_url":"https:\/\/cdn.parsely.com\/keys\/investors.capgemini.com\/p.js"},"_links":{"self":[{"href":"https:\/\/investors.capgemini.com\/fr\/wp-json\/wp\/v2\/pages\/3742","targetHints":{"allow":["GET"]}}],"collection":[{"href":"https:\/\/investors.capgemini.com\/fr\/wp-json\/wp\/v2\/pages"}],"about":[{"href":"https:\/\/investors.capgemini.com\/fr\/wp-json\/wp\/v2\/types\/page"}],"author":[{"embeddable":true,"href":"https:\/\/investors.capgemini.com\/fr\/wp-json\/wp\/v2\/users\/3"}],"replies":[{"embeddable":true,"href":"https:\/\/investors.capgemini.com\/fr\/wp-json\/wp\/v2\/comments?post=3742"}],"version-history":[{"count":46,"href":"https:\/\/investors.capgemini.com\/fr\/wp-json\/wp\/v2\/pages\/3742\/revisions"}],"predecessor-version":[{"id":23146,"href":"https:\/\/investors.capgemini.com\/fr\/wp-json\/wp\/v2\/pages\/3742\/revisions\/23146"}],"wp:attachment":[{"href":"https:\/\/investors.capgemini.com\/fr\/wp-json\/wp\/v2\/media?parent=3742"}],"curies":[{"name":"wp","href":"https:\/\/api.w.org\/{rel}","templated":true}]}}