{"id":3744,"date":"2019-05-09T13:48:24","date_gmt":"2019-05-09T13:48:24","guid":{"rendered":"https:\/\/investors.capgemini.com\/fr\/?page_id=3744"},"modified":"2024-10-01T13:56:01","modified_gmt":"2024-10-01T13:56:01","slug":"nous-contacter","status":"publish","type":"page","link":"https:\/\/investors.capgemini.com\/fr\/nous-contacter\/","title":{"rendered":"Nous contacter"},"content":{"rendered":"","protected":false},"excerpt":{"rendered":"<p>Pour toute demande d\u2019information, n\u2019h\u00e9sitez pas \u00e0 adresser vos remarques ou questions \u00e0 l\u2019\u00e9quipe de communication financi\u00e8re.<\/p>\n","protected":false},"author":3,"featured_media":0,"parent":0,"menu_order":0,"comment_status":"closed","ping_status":"closed","template":"template-contact-us.php","meta":{"footnotes":""},"class_list":["post-3744","page","type-page","status-publish","hentry"],"parsely":{"version":"1.1.0","canonical_url":"https:\/\/investors.capgemini.com\/fr\/nous-contacter\/","smart_links":{"inbound":0,"outbound":0},"traffic_boost_suggestions_count":0,"meta":{"@context":"https:\/\/schema.org","@type":"WebPage","headline":"Nous contacter","url":"http:\/\/investors.capgemini.com\/fr\/nous-contacter\/","mainEntityOfPage":{"@type":"WebPage","@id":"http:\/\/investors.capgemini.com\/fr\/nous-contacter\/"},"thumbnailUrl":"","image":{"@type":"ImageObject","url":""},"articleSection":"Uncategorized","author":[{"@type":"Person","name":"Elzbieta Wrobel"}],"creator":["Elzbieta Wrobel"],"publisher":{"@type":"Organization","name":"Capgemini Investors FR","logo":""},"keywords":[],"dateCreated":"2019-05-09T13:48:24Z","datePublished":"2019-05-09T13:48:24Z","dateModified":"2024-10-01T13:56:01Z"},"rendered":"<script type=\"application\/ld+json\" class=\"wp-parsely-metadata\">{\"@context\":\"https:\\\/\\\/schema.org\",\"@type\":\"WebPage\",\"headline\":\"Nous contacter\",\"url\":\"http:\\\/\\\/investors.capgemini.com\\\/fr\\\/nous-contacter\\\/\",\"mainEntityOfPage\":{\"@type\":\"WebPage\",\"@id\":\"http:\\\/\\\/investors.capgemini.com\\\/fr\\\/nous-contacter\\\/\"},\"thumbnailUrl\":\"\",\"image\":{\"@type\":\"ImageObject\",\"url\":\"\"},\"articleSection\":\"Uncategorized\",\"author\":[{\"@type\":\"Person\",\"name\":\"Elzbieta Wrobel\"}],\"creator\":[\"Elzbieta Wrobel\"],\"publisher\":{\"@type\":\"Organization\",\"name\":\"Capgemini Investors FR\",\"logo\":\"\"},\"keywords\":[],\"dateCreated\":\"2019-05-09T13:48:24Z\",\"datePublished\":\"2019-05-09T13:48:24Z\",\"dateModified\":\"2024-10-01T13:56:01Z\"}<\/script>","tracker_url":"https:\/\/cdn.parsely.com\/keys\/investors.capgemini.com\/p.js"},"_links":{"self":[{"href":"https:\/\/investors.capgemini.com\/fr\/wp-json\/wp\/v2\/pages\/3744","targetHints":{"allow":["GET"]}}],"collection":[{"href":"https:\/\/investors.capgemini.com\/fr\/wp-json\/wp\/v2\/pages"}],"about":[{"href":"https:\/\/investors.capgemini.com\/fr\/wp-json\/wp\/v2\/types\/page"}],"author":[{"embeddable":true,"href":"https:\/\/investors.capgemini.com\/fr\/wp-json\/wp\/v2\/users\/3"}],"replies":[{"embeddable":true,"href":"https:\/\/investors.capgemini.com\/fr\/wp-json\/wp\/v2\/comments?post=3744"}],"version-history":[{"count":6,"href":"https:\/\/investors.capgemini.com\/fr\/wp-json\/wp\/v2\/pages\/3744\/revisions"}],"predecessor-version":[{"id":12167,"href":"https:\/\/investors.capgemini.com\/fr\/wp-json\/wp\/v2\/pages\/3744\/revisions\/12167"}],"wp:attachment":[{"href":"https:\/\/investors.capgemini.com\/fr\/wp-json\/wp\/v2\/media?parent=3744"}],"curies":[{"name":"wp","href":"https:\/\/api.w.org\/{rel}","templated":true}]}}