{"id":3748,"date":"2019-05-09T13:49:16","date_gmt":"2019-05-09T13:49:16","guid":{"rendered":"https:\/\/investors.capgemini.com\/fr\/?page_id=3748"},"modified":"2026-03-29T19:42:13","modified_gmt":"2026-03-29T19:42:13","slug":"dividendes","status":"publish","type":"page","link":"https:\/\/investors.capgemini.com\/fr\/dividendes\/","title":{"rendered":"Dividendes"},"content":{"rendered":"<h2><strong>Politique de distribution du dividende <\/strong><\/h2>\n<p>Le Groupe a une politique historique de distribution du dividende, qui permet de conserver un \u00e9quilibre entre les investissements n\u00e9cessaires \u00e0 son d\u00e9veloppement et la distribution des b\u00e9n\u00e9fices aux actionnaires.<\/p>\n<p>Ce taux de distribution des b\u00e9n\u00e9fices est d\u2019environ 35%. Le taux est d\u00e9fini comme suit :<\/p>\n<p style=\"text-align: center;\"><em><strong>Dividende par action \u00d7 nombre d&rsquo;actions au capital au 31 d\u00e9cembre \/ R\u00e9sultat net (part du Groupe)<\/strong><\/em><\/p>\n<p>En cas de comptabilisation d\u2019\u00e9l\u00e9ments exceptionnels, en particulier s&rsquo;ils sont sans impact sur la tr\u00e9sorerie, le r\u00e9sultat net (part du Groupe), pourra \u00eatre retrait\u00e9 de ces \u00e9l\u00e9ments avant application du taux de distribution.<\/p>\n<h2><strong>Dividende pour le dernier exercice fiscal<\/strong><\/h2>\n<p>Il est propos\u00e9 de distribuer un dividende de 3,40 euros par action au titre de l\u2019exercice 2025.<\/p>\n<p>Sur la base d\u2019un nombre d\u2019actions de 169 928 461 composant le capital au 31 d\u00e9cembre 2025, Capgemini distribuerait 578 millions d\u2019euros en dividende \u00e0 ses actionnaires au titre de l\u2019exercice 2025.<\/p>\n<p>Le taux de distribution du r\u00e9sultat (part du groupe et avant prise en compte de produits ou charges d\u2019imp\u00f4t non- r\u00e9currents) s\u2019\u00e9tablirait ainsi \u00e0 36%.<\/p>\n<p>Le dividende effectivement vers\u00e9 d\u00e9pendra de l\u2019auto-d\u00e9tention \u00e0 la date de d\u00e9tachement du dividende, et des actions qui pourraient \u00eatre cr\u00e9\u00e9es ou annul\u00e9es avant cette date.<\/p>\n<p>Le calendrier relatif au paiement du dividende qui sera soumis \u00e0 l\u2019approbation de l\u2019Assembl\u00e9e G\u00e9n\u00e9rale serait :<br \/>\n2 juin 2026\u00a0 \u00a0 \u00a0 \u00a0D\u00e9tachement du coupon sur Euronext Paris<br \/>\n4 juin 2026\u00a0 \u00a0 \u00a0 \u00a0 Mise en paiement du dividende<\/p>\n<h2><strong>Historique des dividendes <\/strong><\/h2>\n<p>Dans le tableau ci-dessous, le dividende payable dans l\u2019ann\u00e9e en cours est soumis \u00e0 l\u2019approbation de l\u2019assembl\u00e9e g\u00e9n\u00e9rale.<\/p>\n<table width=\"634\">\n<tbody>\n<tr>\n<td style=\"text-align: center;\" rowspan=\"2\" width=\"161\"><strong>Exercice<\/strong><br \/>\n(clos le 31\u00a0d\u00e9cembre)<\/td>\n<td style=\"text-align: center;\" colspan=\"2\" width=\"180\"><strong>Distribution<\/strong><\/td>\n<td style=\"text-align: center;\" rowspan=\"2\" width=\"123\"><strong>Nombre<\/strong><br \/>\n<strong>d\u2019actions<br \/>\n<\/strong>(au 31d\u00e9cembre)<\/td>\n<td rowspan=\"2\" width=\"83\">\n<p style=\"text-align: center;\"><strong>Dividende par action<br \/>\n<\/strong>(en euro)<\/p>\n<\/td>\n<td style=\"text-align: center;\" rowspan=\"2\" width=\"88\"><strong>Date de d\u00e9tachement du coupon<\/strong><\/td>\n<\/tr>\n<tr>\n<td style=\"text-align: center;\" width=\"95\">en millions d\u2019euros<\/td>\n<td style=\"text-align: center;\" width=\"85\">en % du r\u00e9sultat net<\/td>\n<\/tr>\n<tr>\n<td style=\"text-align: center;\" width=\"161\"><strong>2016<\/strong><\/td>\n<td style=\"text-align: center;\" width=\"95\">266<\/td>\n<td style=\"text-align: center;\" width=\"85\">36 %<\/td>\n<td style=\"text-align: center;\" width=\"123\">171\u00a0564\u00a0265<\/td>\n<td style=\"text-align: center;\" width=\"83\">1,55<\/td>\n<td style=\"text-align: right;\" width=\"88\">22 mai 2017<\/td>\n<\/tr>\n<tr>\n<td style=\"text-align: center;\" width=\"161\"><strong>2017<\/strong><\/td>\n<td style=\"text-align: center;\" width=\"95\">286<\/td>\n<td style=\"text-align: center;\" width=\"85\">35 %<\/td>\n<td style=\"text-align: center;\" width=\"123\">168 483 742<\/td>\n<td style=\"text-align: center;\" width=\"83\">1,70<\/td>\n<td style=\"text-align: right;\" width=\"88\">4 juin 2018<\/td>\n<\/tr>\n<tr>\n<td style=\"text-align: center;\" width=\"161\"><strong>2018<\/strong><\/td>\n<td style=\"text-align: center;\" width=\"95\">284<\/td>\n<td style=\"text-align: center;\" width=\"85\">36 %<\/td>\n<td style=\"text-align: center;\" width=\"123\">167 293 730<\/td>\n<td style=\"text-align: center;\" width=\"83\">1,70<\/td>\n<td style=\"text-align: right;\" width=\"88\">5 juin 2019<\/td>\n<\/tr>\n<tr>\n<td style=\"text-align: center;\" width=\"161\"><strong>2019<\/strong><\/td>\n<td style=\"text-align: center;\" width=\"95\">229<\/td>\n<td style=\"text-align: center;\" width=\"85\">25 %<\/td>\n<td style=\"text-align: center;\" width=\"123\">169 345 499<\/td>\n<td style=\"text-align: center;\" width=\"83\">1,35<\/td>\n<td style=\"text-align: right;\" width=\"88\">3 juin 2020<\/td>\n<\/tr>\n<tr>\n<td style=\"text-align: center;\" width=\"161\"><strong>2020<\/strong><\/td>\n<td style=\"text-align: center;\" width=\"95\">329<\/td>\n<td style=\"text-align: center;\" width=\"85\">35 %<\/td>\n<td style=\"text-align: center;\" width=\"123\">168 784 837<\/td>\n<td style=\"text-align: center;\" width=\"83\">1,95<\/td>\n<td style=\"text-align: right;\" width=\"88\">2 juin 2021<\/td>\n<\/tr>\n<tr>\n<td style=\"text-align: center;\" width=\"161\"><strong>2021<\/strong><\/td>\n<td style=\"text-align: center;\" width=\"95\">414<\/td>\n<td style=\"text-align: center;\" width=\"85\">35 %<\/td>\n<td style=\"text-align: center;\" width=\"123\">172 391 524<\/td>\n<td style=\"text-align: center;\" width=\"83\">2,40<\/td>\n<td style=\"text-align: right;\" width=\"88\">1<sup>er<\/sup> juin 2022<\/td>\n<\/tr>\n<tr>\n<td style=\"text-align: center;\" width=\"161\"><strong>2022<\/strong><\/td>\n<td style=\"text-align: center;\" width=\"95\">564<\/td>\n<td style=\"text-align: center;\" width=\"85\">35 %<\/td>\n<td style=\"text-align: center;\" width=\"123\">173 582 113<\/td>\n<td style=\"text-align: center;\" width=\"83\">3,25<\/td>\n<td style=\"text-align: right;\" width=\"88\">30 mai 2023<\/td>\n<\/tr>\n<tr>\n<td style=\"text-align: center;\" width=\"161\"><strong>2023<\/strong><\/td>\n<td style=\"text-align: center;\" width=\"95\">587<\/td>\n<td style=\"text-align: center;\" width=\"85\">35 %<\/td>\n<td style=\"text-align: center;\" width=\"123\">172 608 113<\/td>\n<td style=\"text-align: center;\" width=\"83\">3,40<\/td>\n<td style=\"text-align: right;\" width=\"88\">29 mai 2024<\/td>\n<\/tr>\n<tr>\n<td style=\"text-align: center;\" width=\"161\"><strong>2024<\/strong><\/td>\n<td style=\"text-align: center;\" width=\"95\">583<\/td>\n<td style=\"text-align: center;\" width=\"85\">35 %<\/td>\n<td style=\"text-align: center;\" width=\"123\">171 347 471<\/td>\n<td style=\"text-align: center;\" width=\"83\">3,40<\/td>\n<td style=\"text-align: right;\" width=\"88\">20 mai 2025<\/td>\n<\/tr>\n<tr>\n<td style=\"text-align: center;\" width=\"161\"><strong>2025<\/strong><\/td>\n<td style=\"text-align: center;\" width=\"95\">578<\/td>\n<td style=\"text-align: center;\" width=\"85\">36 %<\/td>\n<td style=\"text-align: center;\" width=\"123\">169 928 671<\/td>\n<td style=\"text-align: center;\" width=\"83\">3,40<\/td>\n<td style=\"text-align: right;\" width=\"88\">2 juin 2026<\/td>\n<\/tr>\n<\/tbody>\n<\/table>\n<p>&nbsp;<\/p>\n","protected":false},"excerpt":{"rendered":"<p>.<\/p>\n","protected":false},"author":3,"featured_media":0,"parent":0,"menu_order":0,"comment_status":"closed","ping_status":"closed","template":"page.php","meta":{"footnotes":""},"class_list":["post-3748","page","type-page","status-publish","hentry"],"parsely":{"version":"1.1.0","canonical_url":"https:\/\/investors.capgemini.com\/fr\/dividendes\/","smart_links":{"inbound":0,"outbound":0},"traffic_boost_suggestions_count":0,"meta":{"@context":"https:\/\/schema.org","@type":"WebPage","headline":"Dividendes","url":"http:\/\/investors.capgemini.com\/fr\/dividendes\/","mainEntityOfPage":{"@type":"WebPage","@id":"http:\/\/investors.capgemini.com\/fr\/dividendes\/"},"thumbnailUrl":"","image":{"@type":"ImageObject","url":""},"articleSection":"Uncategorized","author":[{"@type":"Person","name":"Elzbieta Wrobel"}],"creator":["Elzbieta Wrobel"],"publisher":{"@type":"Organization","name":"Capgemini Investors FR","logo":""},"keywords":[],"dateCreated":"2019-05-09T13:49:16Z","datePublished":"2019-05-09T13:49:16Z","dateModified":"2026-03-29T19:42:13Z"},"rendered":"<script type=\"application\/ld+json\" class=\"wp-parsely-metadata\">{\"@context\":\"https:\\\/\\\/schema.org\",\"@type\":\"WebPage\",\"headline\":\"Dividendes\",\"url\":\"http:\\\/\\\/investors.capgemini.com\\\/fr\\\/dividendes\\\/\",\"mainEntityOfPage\":{\"@type\":\"WebPage\",\"@id\":\"http:\\\/\\\/investors.capgemini.com\\\/fr\\\/dividendes\\\/\"},\"thumbnailUrl\":\"\",\"image\":{\"@type\":\"ImageObject\",\"url\":\"\"},\"articleSection\":\"Uncategorized\",\"author\":[{\"@type\":\"Person\",\"name\":\"Elzbieta Wrobel\"}],\"creator\":[\"Elzbieta Wrobel\"],\"publisher\":{\"@type\":\"Organization\",\"name\":\"Capgemini Investors FR\",\"logo\":\"\"},\"keywords\":[],\"dateCreated\":\"2019-05-09T13:49:16Z\",\"datePublished\":\"2019-05-09T13:49:16Z\",\"dateModified\":\"2026-03-29T19:42:13Z\"}<\/script>","tracker_url":"https:\/\/cdn.parsely.com\/keys\/investors.capgemini.com\/p.js"},"_links":{"self":[{"href":"https:\/\/investors.capgemini.com\/fr\/wp-json\/wp\/v2\/pages\/3748","targetHints":{"allow":["GET"]}}],"collection":[{"href":"https:\/\/investors.capgemini.com\/fr\/wp-json\/wp\/v2\/pages"}],"about":[{"href":"https:\/\/investors.capgemini.com\/fr\/wp-json\/wp\/v2\/types\/page"}],"author":[{"embeddable":true,"href":"https:\/\/investors.capgemini.com\/fr\/wp-json\/wp\/v2\/users\/3"}],"replies":[{"embeddable":true,"href":"https:\/\/investors.capgemini.com\/fr\/wp-json\/wp\/v2\/comments?post=3748"}],"version-history":[{"count":40,"href":"https:\/\/investors.capgemini.com\/fr\/wp-json\/wp\/v2\/pages\/3748\/revisions"}],"predecessor-version":[{"id":23148,"href":"https:\/\/investors.capgemini.com\/fr\/wp-json\/wp\/v2\/pages\/3748\/revisions\/23148"}],"wp:attachment":[{"href":"https:\/\/investors.capgemini.com\/fr\/wp-json\/wp\/v2\/media?parent=3748"}],"curies":[{"name":"wp","href":"https:\/\/api.w.org\/{rel}","templated":true}]}}