{"id":3760,"date":"2019-05-09T13:52:50","date_gmt":"2019-05-09T13:52:50","guid":{"rendered":"https:\/\/investors.capgemini.com\/fr\/?page_id=3760"},"modified":"2026-03-29T19:54:00","modified_gmt":"2026-03-29T19:54:00","slug":"rachat-dactions","status":"publish","type":"page","link":"https:\/\/investors.capgemini.com\/fr\/rachat-dactions\/","title":{"rendered":"Rachats d\u2019actions"},"content":{"rendered":"<h2><strong>Le contrat de liquidit\u00e9<\/strong><\/h2>\n<p>Le contrat de liquidit\u00e9 souscrit aupr\u00e8s d\u2019un prestataire de services d\u2019investissement a pour but de favoriser la liquidit\u00e9 du titre Capgemini et une plus grande r\u00e9gularit\u00e9 de ses cotations conform\u00e9ment \u00e0 la pratique de march\u00e9 admise par l\u2019Autorit\u00e9 des march\u00e9s financiers.<\/p>\n<p>Le contrat de liquidit\u00e9 fait l\u2019objet d\u2019un bilan semestriel consultable <a href=\"https:\/\/investors.capgemini.com\/fr\/information-reglementee\/\"><u>ici<\/u><\/a>.<\/p>\n<p>En 2025, dans le cadre du contrat de liquidit\u00e9, il a ainsi \u00e9t\u00e9 proc\u00e9d\u00e9 \u00e0 l\u2019achat pour le compte de la Soci\u00e9t\u00e9 d\u2019un total de 2 666 148 actions repr\u00e9sentant 1,57\u2006% du capital au 31 d\u00e9cembre 2025, \u00e0 un cours moyen de 140,97 euros. Sur la m\u00eame p\u00e9riode, il a \u00e9t\u00e9 proc\u00e9d\u00e9 \u00e0 la vente de 2 665 930 actions Capgemini, repr\u00e9sentant 1,57\u2006% du capital au 31 d\u00e9cembre 2025, \u00e0 un cours moyen de 141,48 euros. \u00c0 la cl\u00f4ture de l\u2019exercice, le compte de liquidit\u00e9 pr\u00e9sentait un solde de 119 404 actions (environ 0,07\u2006% du capital) et d\u2019environ 15 millions d\u2019euros.<\/p>\n<h2><strong>Le programme pluriannuel de rachat d\u2019actions<\/strong><\/h2>\n<p>Dans le cadre de la gestion active du capital social, et apr\u00e8s avoir utilis\u00e9 int\u00e9gralement le pr\u00e9c\u00e9dent programme de rachat pluriannuel, le Conseil d&rsquo;administration a approuv\u00e9 en juillet 2025 un nouveau programme pluriannuel de 2 milliards d&rsquo;euros.<\/p>\n<p>Les rachats d\u2019actions effectu\u00e9s au titre de ce programme pluriannuels ont \u00e9t\u00e9 les suivants (sur la base de la date d\u2019ex\u00e9cution des ordres d\u2019achat, et non celle du r\u00e8glement livraison) :<\/p>\n<table>\n<tbody>\n<tr>\n<td style=\"text-align: center;\" width=\"106\"><strong>Ann\u00e9e<\/strong><\/td>\n<td style=\"text-align: center;\" width=\"158\"><strong>Montant<\/strong><br \/>\n(en millions d\u2019euros)<\/td>\n<td style=\"text-align: center;\" width=\"154\"><strong>Volume<br \/>\n<\/strong>(nombre d\u2019actions)<\/td>\n<td style=\"text-align: center;\" width=\"154\"><strong>Prix moyen<br \/>\n<\/strong>(en euros)<\/td>\n<\/tr>\n<tr>\n<td width=\"106\">2016<sup>*<\/sup><\/td>\n<td style=\"text-align: center;\" width=\"158\">324<\/td>\n<td style=\"text-align: center;\" width=\"154\">3\u00a0973 710<\/td>\n<td style=\"text-align: center;\" width=\"154\">81,5<\/td>\n<\/tr>\n<tr>\n<td width=\"106\">2017<\/td>\n<td style=\"text-align: center;\" width=\"158\">176<\/td>\n<td style=\"text-align: center;\" width=\"154\">1\u00a0958 761<\/td>\n<td style=\"text-align: center;\" width=\"154\">90,0<\/td>\n<\/tr>\n<tr>\n<td width=\"106\">2018<\/td>\n<td style=\"text-align: center;\" width=\"158\">200<\/td>\n<td style=\"text-align: center;\" width=\"154\">1\u00a0831 810<\/td>\n<td style=\"text-align: center;\" width=\"154\">109,2<\/td>\n<\/tr>\n<tr>\n<td width=\"106\">2019<\/td>\n<td style=\"text-align: center;\" width=\"158\">150<\/td>\n<td style=\"text-align: center;\" width=\"154\">1 598 231<\/td>\n<td style=\"text-align: center;\" width=\"154\">93,9<\/td>\n<\/tr>\n<tr>\n<td width=\"106\">2020<\/td>\n<td style=\"text-align: center;\" width=\"158\">200<\/td>\n<td style=\"text-align: center;\" width=\"154\">1 964 862<\/td>\n<td style=\"text-align: center;\" width=\"154\">101,8<\/td>\n<\/tr>\n<tr>\n<td width=\"106\">2021<\/td>\n<td style=\"text-align: center;\" width=\"158\">200<\/td>\n<td style=\"text-align: center;\" width=\"154\">993 744<\/td>\n<td style=\"text-align: center;\" width=\"154\">201,3<\/td>\n<\/tr>\n<tr>\n<td width=\"106\">2022<\/td>\n<td style=\"text-align: center;\" width=\"158\">403<\/td>\n<td style=\"text-align: center;\" width=\"154\">2 254 875<\/td>\n<td style=\"text-align: center;\" width=\"154\">178,6<\/td>\n<\/tr>\n<tr>\n<td width=\"106\">2023<\/td>\n<td style=\"text-align: center;\" width=\"158\">350<\/td>\n<td style=\"text-align: center;\" width=\"154\">2 018 915<\/td>\n<td style=\"text-align: center;\" width=\"154\">173,4<\/td>\n<\/tr>\n<tr>\n<td width=\"106\">2024<\/td>\n<td style=\"text-align: center;\" width=\"158\">497<\/td>\n<td style=\"text-align: center;\" width=\"154\">2 725 649<\/td>\n<td style=\"text-align: center;\" width=\"154\">182,4<\/td>\n<\/tr>\n<tr>\n<td width=\"106\">2025<\/td>\n<td style=\"text-align: center;\" width=\"158\">200<\/td>\n<td style=\"text-align: center;\" width=\"154\">1 621 158<\/td>\n<td style=\"text-align: center;\" width=\"154\">123,4<\/td>\n<\/tr>\n<tr>\n<td colspan=\"4\" width=\"572\">* en 2016, 203\u00a0530 actions ont \u00e9galement \u00e9t\u00e9 rachet\u00e9es au titre d\u2019un pr\u00e9c\u00e9dent programme (\u00e0 un prix moyen de 75,66 euros pour un montant total de 15 millions d\u2019euros)<\/td>\n<\/tr>\n<\/tbody>\n<\/table>\n<p>Ces rachats sont sujets \u00e0 une d\u00e9claration r\u00e9glementaire de \u00ab transactions sur actions propres \u00bb dans un d\u00e9lai maximum de 7 jours de bourse (consultable <a href=\"https:\/\/investors.capgemini.com\/fr\/information-reglementee\/?fiscal-year=2024#expand_reg-notice-of-trading-on-own-shares\"><u>ici<\/u><\/a>).<\/p>\n<h2><strong>Autres op\u00e9rations de rachat d\u2019actions<\/strong><\/h2>\n<p>Toujours dans le cadre des autorisations vot\u00e9es en assembl\u00e9e g\u00e9n\u00e9rale, Capgemini peut \u00e9galement \u00eatre amen\u00e9 \u00e0 racheter des actions en compl\u00e9ment des rachats effectu\u00e9s dans le cadre du programme pluriannuel de rachat d\u2019actions.<\/p>\n<p>Capgemini met en place des plans d\u2019actionnariat salari\u00e9 (\u00ab\u00a0ESOP\u00a0\u00bb, Employee Share Ownership Plan) qui visent \u00e0 associer les collaborateurs au d\u00e9veloppement et \u00e0 la performance du Groupe. Afin de neutraliser la dilution r\u00e9sultant de l\u2019augmentation de capital de ces plans ESOP, Capgemini peut mettre en place un plan sp\u00e9cifique de rachat d\u2019actions.<\/p>\n<p>Ainsi, en 2017, 2018, 2020, 2022, 2023, 2024 puis en 2025 dans le cadre des 4\u00e8me, 5\u00e8me, 7\u00e8me , 9\u00e8me, 10\u00e8me, 11\u00e8me et 12\u00e8me plans ESOP, Capgemini a proc\u00e9d\u00e9 \u00e0 des rachats d\u2019actions pour les montants suivants:<\/p>\n<table>\n<tbody>\n<tr>\n<td style=\"text-align: center;\" width=\"106\"><strong>Ann\u00e9e<\/strong><\/td>\n<td style=\"text-align: center;\" width=\"158\"><strong>Montant<\/strong><br \/>\n(en millions d\u2019euros)<\/td>\n<td style=\"text-align: center;\" width=\"154\"><strong>Volume<br \/>\n<\/strong>(nombre d\u2019actions)<\/td>\n<td style=\"text-align: center;\" width=\"154\"><strong>Prix moyen<br \/>\n<\/strong>(en euros)<\/td>\n<\/tr>\n<tr>\n<td width=\"106\">2017<\/td>\n<td style=\"text-align: center;\" width=\"158\">360<\/td>\n<td style=\"text-align: center;\" width=\"154\">3\u00a0522 495<\/td>\n<td style=\"text-align: center;\" width=\"154\">104,4<\/td>\n<\/tr>\n<tr>\n<td style=\"text-align: left;\" width=\"106\">2018<\/td>\n<td style=\"text-align: center;\" width=\"158\">264<\/td>\n<td style=\"text-align: center;\" width=\"154\">2\u00a0500 000<\/td>\n<td style=\"text-align: center;\" width=\"154\">105,5<\/td>\n<\/tr>\n<tr>\n<td style=\"text-align: left;\" width=\"106\">2020<\/td>\n<td style=\"text-align: center;\" width=\"158\">319<\/td>\n<td style=\"text-align: center;\" width=\"154\">3\u00a0000 000<\/td>\n<td style=\"text-align: center;\" width=\"154\">106,3<\/td>\n<\/tr>\n<tr>\n<td style=\"text-align: left;\" width=\"106\">2022<\/td>\n<td style=\"text-align: center;\" width=\"158\">408<\/td>\n<td style=\"text-align: center;\" width=\"154\">2 397 673<\/td>\n<td style=\"text-align: center;\" width=\"154\">170,2<\/td>\n<\/tr>\n<tr>\n<td style=\"text-align: left;\" width=\"106\">2023<\/td>\n<td style=\"text-align: center;\" width=\"158\">533<\/td>\n<td style=\"text-align: center;\" width=\"154\">3 200 000<\/td>\n<td style=\"text-align: center;\" width=\"154\">166,7<\/td>\n<\/tr>\n<tr>\n<td style=\"text-align: left;\" width=\"106\">2024<\/td>\n<td style=\"text-align: center;\" width=\"158\">474<\/td>\n<td style=\"text-align: center;\" width=\"154\">2 700 000<\/td>\n<td style=\"text-align: center;\" width=\"154\">175,7<\/td>\n<\/tr>\n<tr>\n<td style=\"text-align: left;\" width=\"106\">2025<\/td>\n<td style=\"text-align: center;\" width=\"158\">342<\/td>\n<td style=\"text-align: center;\" width=\"154\">2 700 000<\/td>\n<td style=\"text-align: center;\" width=\"154\">126,6<\/td>\n<\/tr>\n<\/tbody>\n<\/table>\n<p>Ces rachats sont \u00e9galement sujets \u00e0 une d\u00e9claration r\u00e9glementaire de \u00ab transactions sur actions propres \u00bb dans un d\u00e9lai maximum de 7 jours de bourse (consultable <a href=\"https:\/\/investors.capgemini.com\/fr\/information-reglementee\/?fiscal-year=2024#expand_reg-notice-of-trading-on-own-shares\"><u>ici<\/u><\/a>).<\/p>\n","protected":false},"excerpt":{"rendered":"<p>Dans le cadre de l&rsquo;autorisation de rachat d&rsquo;actions approuv\u00e9e par l&rsquo;assembl\u00e9e g\u00e9n\u00e9rale, Capgemini pourra proc\u00e9der \u00e0 des rachats d&rsquo;actions dans les contextes suivants : le contrat de liquidit\u00e9, le programme pluriannuel de rachat d&rsquo;actions et des op\u00e9rations de rachats ad-hoc.<\/p>\n","protected":false},"author":3,"featured_media":0,"parent":0,"menu_order":0,"comment_status":"closed","ping_status":"closed","template":"page.php","meta":{"footnotes":""},"class_list":["post-3760","page","type-page","status-publish","hentry"],"parsely":{"version":"1.1.0","canonical_url":"https:\/\/investors.capgemini.com\/fr\/rachat-dactions\/","smart_links":{"inbound":0,"outbound":0},"traffic_boost_suggestions_count":0,"meta":{"@context":"https:\/\/schema.org","@type":"WebPage","headline":"Rachats d\u2019actions","url":"http:\/\/investors.capgemini.com\/fr\/rachat-dactions\/","mainEntityOfPage":{"@type":"WebPage","@id":"http:\/\/investors.capgemini.com\/fr\/rachat-dactions\/"},"thumbnailUrl":"","image":{"@type":"ImageObject","url":""},"articleSection":"Uncategorized","author":[{"@type":"Person","name":"Elzbieta Wrobel"}],"creator":["Elzbieta Wrobel"],"publisher":{"@type":"Organization","name":"Capgemini Investors FR","logo":""},"keywords":[],"dateCreated":"2019-05-09T13:52:50Z","datePublished":"2019-05-09T13:52:50Z","dateModified":"2026-03-29T19:54:00Z"},"rendered":"<script type=\"application\/ld+json\" class=\"wp-parsely-metadata\">{\"@context\":\"https:\\\/\\\/schema.org\",\"@type\":\"WebPage\",\"headline\":\"Rachats d\\u2019actions\",\"url\":\"http:\\\/\\\/investors.capgemini.com\\\/fr\\\/rachat-dactions\\\/\",\"mainEntityOfPage\":{\"@type\":\"WebPage\",\"@id\":\"http:\\\/\\\/investors.capgemini.com\\\/fr\\\/rachat-dactions\\\/\"},\"thumbnailUrl\":\"\",\"image\":{\"@type\":\"ImageObject\",\"url\":\"\"},\"articleSection\":\"Uncategorized\",\"author\":[{\"@type\":\"Person\",\"name\":\"Elzbieta Wrobel\"}],\"creator\":[\"Elzbieta Wrobel\"],\"publisher\":{\"@type\":\"Organization\",\"name\":\"Capgemini Investors FR\",\"logo\":\"\"},\"keywords\":[],\"dateCreated\":\"2019-05-09T13:52:50Z\",\"datePublished\":\"2019-05-09T13:52:50Z\",\"dateModified\":\"2026-03-29T19:54:00Z\"}<\/script>","tracker_url":"https:\/\/cdn.parsely.com\/keys\/investors.capgemini.com\/p.js"},"_links":{"self":[{"href":"https:\/\/investors.capgemini.com\/fr\/wp-json\/wp\/v2\/pages\/3760","targetHints":{"allow":["GET"]}}],"collection":[{"href":"https:\/\/investors.capgemini.com\/fr\/wp-json\/wp\/v2\/pages"}],"about":[{"href":"https:\/\/investors.capgemini.com\/fr\/wp-json\/wp\/v2\/types\/page"}],"author":[{"embeddable":true,"href":"https:\/\/investors.capgemini.com\/fr\/wp-json\/wp\/v2\/users\/3"}],"replies":[{"embeddable":true,"href":"https:\/\/investors.capgemini.com\/fr\/wp-json\/wp\/v2\/comments?post=3760"}],"version-history":[{"count":38,"href":"https:\/\/investors.capgemini.com\/fr\/wp-json\/wp\/v2\/pages\/3760\/revisions"}],"predecessor-version":[{"id":23150,"href":"https:\/\/investors.capgemini.com\/fr\/wp-json\/wp\/v2\/pages\/3760\/revisions\/23150"}],"wp:attachment":[{"href":"https:\/\/investors.capgemini.com\/fr\/wp-json\/wp\/v2\/media?parent=3760"}],"curies":[{"name":"wp","href":"https:\/\/api.w.org\/{rel}","templated":true}]}}